{"id":11977,"date":"2017-01-01T23:21:05","date_gmt":"2017-01-01T20:21:05","guid":{"rendered":"https:\/\/yenirehberlik.com\/?page_id=11977"},"modified":"2017-01-01T23:28:20","modified_gmt":"2017-01-01T20:28:20","slug":"lisans-programlari-basari-siralamalari-ve-taban-puanlari","status":"publish","type":"page","link":"https:\/\/yenirehberlik.com\/arsiv\/lisans-programlari-basari-siralamalari-ve-taban-puanlari","title":{"rendered":"Lisans Programlar\u0131 Ba\u015far\u0131 S\u0131ralamalar\u0131 ve Taban Puanlar\u0131"},"content":{"rendered":"<p>T\u00fcm d\u00f6rt ve daha\u00a0fazla\u00a0y\u0131ll\u0131k olan b\u00f6l\u00fcmlerin taban puanlar\u0131n\u0131 sizlerle payla\u015f\u0131yoruz. A\u015fa\u011f\u0131daki b\u00f6l\u00fcmlerin \u00fczerine t\u0131klad\u0131\u011f\u0131n\u0131zda o b\u00f6l\u00fcm\u00fcn taban puanlar\u0131 ve ba\u015far\u0131 s\u0131ralamalar\u0131 kar\u015f\u0131n\u0131za \u00e7\u0131kacakt\u0131r. \u00c7\u0131kan safyada programlar\u0131n hangi \u00fcniversitede ka\u00e7 puanla \u00f6\u011frenci ald\u0131\u011f\u0131n\u0131 g\u00f6rebileceksiniz.<\/p>\n<p>&nbsp;<\/p>\n","protected":false},"excerpt":{"rendered":"<p>T\u00fcm d\u00f6rt ve daha\u00a0fazla\u00a0y\u0131ll\u0131k olan b\u00f6l\u00fcmlerin taban puanlar\u0131n\u0131 sizlerle payla\u015f\u0131yoruz. A\u015fa\u011f\u0131daki b\u00f6l\u00fcmlerin \u00fczerine t\u0131klad\u0131\u011f\u0131n\u0131zda o b\u00f6l\u00fcm\u00fcn taban puanlar\u0131 ve ba\u015far\u0131 s\u0131ralamalar\u0131 kar\u015f\u0131n\u0131za \u00e7\u0131kacakt\u0131r. \u00c7\u0131kan safyada programlar\u0131n hangi \u00fcniversitede ka\u00e7 puanla \u00f6\u011frenci ald\u0131\u011f\u0131n\u0131 g\u00f6rebileceksiniz. &nbsp;<\/p>\n","protected":false},"author":1,"featured_media":0,"parent":0,"menu_order":0,"comment_status":"closed","ping_status":"closed","template":"","meta":{"footnotes":""},"class_list":["post-11977","page","type-page","status-publish","hentry"],"yoast_head":"<!-- This site is optimized with the Yoast SEO plugin v27.4 - https:\/\/yoast.com\/product\/yoast-seo-wordpress\/ -->\n<title>Lisans Programlar\u0131 Ba\u015far\u0131 S\u0131ralamalar\u0131 ve Taban Puanlar\u0131 -<\/title>\n<meta name=\"robots\" content=\"index, follow, max-snippet:-1, max-image-preview:large, max-video-preview:-1\" \/>\n<link rel=\"canonical\" href=\"https:\/\/yenirehberlik.com\/arsiv\/lisans-programlari-basari-siralamalari-ve-taban-puanlari\" \/>\n<meta property=\"og:locale\" content=\"tr_TR\" \/>\n<meta property=\"og:type\" content=\"article\" \/>\n<meta property=\"og:title\" content=\"Lisans Programlar\u0131 Ba\u015far\u0131 S\u0131ralamalar\u0131 ve Taban Puanlar\u0131 -\" \/>\n<meta property=\"og:description\" content=\"T\u00fcm d\u00f6rt ve daha\u00a0fazla\u00a0y\u0131ll\u0131k olan b\u00f6l\u00fcmlerin taban puanlar\u0131n\u0131 sizlerle payla\u015f\u0131yoruz. A\u015fa\u011f\u0131daki b\u00f6l\u00fcmlerin \u00fczerine t\u0131klad\u0131\u011f\u0131n\u0131zda o b\u00f6l\u00fcm\u00fcn taban puanlar\u0131 ve ba\u015far\u0131 s\u0131ralamalar\u0131 kar\u015f\u0131n\u0131za \u00e7\u0131kacakt\u0131r. \u00c7\u0131kan safyada programlar\u0131n hangi \u00fcniversitede ka\u00e7 puanla \u00f6\u011frenci ald\u0131\u011f\u0131n\u0131 g\u00f6rebileceksiniz. &nbsp;\" \/>\n<meta property=\"og:url\" content=\"https:\/\/yenirehberlik.com\/arsiv\/lisans-programlari-basari-siralamalari-ve-taban-puanlari\" \/>\n<meta property=\"article:modified_time\" content=\"2017-01-01T20:28:20+00:00\" \/>\n<meta name=\"twitter:card\" content=\"summary_large_image\" \/>\n<script type=\"application\/ld+json\" class=\"yoast-schema-graph\">{\"@context\":\"https:\\\/\\\/schema.org\",\"@graph\":[{\"@type\":\"WebPage\",\"@id\":\"https:\\\/\\\/yenirehberlik.com\\\/arsiv\\\/lisans-programlari-basari-siralamalari-ve-taban-puanlari\",\"url\":\"https:\\\/\\\/yenirehberlik.com\\\/arsiv\\\/lisans-programlari-basari-siralamalari-ve-taban-puanlari\",\"name\":\"Lisans Programlar\u0131 Ba\u015far\u0131 S\u0131ralamalar\u0131 ve Taban Puanlar\u0131 -\",\"isPartOf\":{\"@id\":\"https:\\\/\\\/yenirehberlik.com\\\/arsiv\\\/#website\"},\"datePublished\":\"2017-01-01T20:21:05+00:00\",\"dateModified\":\"2017-01-01T20:28:20+00:00\",\"breadcrumb\":{\"@id\":\"https:\\\/\\\/yenirehberlik.com\\\/arsiv\\\/lisans-programlari-basari-siralamalari-ve-taban-puanlari#breadcrumb\"},\"inLanguage\":\"tr\",\"potentialAction\":[{\"@type\":\"ReadAction\",\"target\":[\"https:\\\/\\\/yenirehberlik.com\\\/arsiv\\\/lisans-programlari-basari-siralamalari-ve-taban-puanlari\"]}]},{\"@type\":\"BreadcrumbList\",\"@id\":\"https:\\\/\\\/yenirehberlik.com\\\/arsiv\\\/lisans-programlari-basari-siralamalari-ve-taban-puanlari#breadcrumb\",\"itemListElement\":[{\"@type\":\"ListItem\",\"position\":1,\"name\":\"Anasayfa\",\"item\":\"https:\\\/\\\/yenirehberlik.com\\\/arsiv\"},{\"@type\":\"ListItem\",\"position\":2,\"name\":\"Lisans Programlar\u0131 Ba\u015far\u0131 S\u0131ralamalar\u0131 ve Taban Puanlar\u0131\"}]},{\"@type\":\"WebSite\",\"@id\":\"https:\\\/\\\/yenirehberlik.com\\\/arsiv\\\/#website\",\"url\":\"https:\\\/\\\/yenirehberlik.com\\\/arsiv\\\/\",\"name\":\"yenirehberlik\",\"description\":\"Bir acayip rehberlik sitesi\",\"publisher\":{\"@id\":\"https:\\\/\\\/yenirehberlik.com\\\/arsiv\\\/#\\\/schema\\\/person\\\/8bd9eb0409887ea38d367fb33bf897af\"},\"potentialAction\":[{\"@type\":\"SearchAction\",\"target\":{\"@type\":\"EntryPoint\",\"urlTemplate\":\"https:\\\/\\\/yenirehberlik.com\\\/arsiv\\\/?s={search_term_string}\"},\"query-input\":{\"@type\":\"PropertyValueSpecification\",\"valueRequired\":true,\"valueName\":\"search_term_string\"}}],\"inLanguage\":\"tr\"},{\"@type\":[\"Person\",\"Organization\"],\"@id\":\"https:\\\/\\\/yenirehberlik.com\\\/arsiv\\\/#\\\/schema\\\/person\\\/8bd9eb0409887ea38d367fb33bf897af\",\"name\":\"yenirehberlik\",\"image\":{\"@type\":\"ImageObject\",\"inLanguage\":\"tr\",\"@id\":\"https:\\\/\\\/secure.gravatar.com\\\/avatar\\\/47fadb694366c1d27501b48611121ab3d4cba2491a5b33647b6ea44172d7da40?s=96&r=g\",\"url\":\"https:\\\/\\\/secure.gravatar.com\\\/avatar\\\/47fadb694366c1d27501b48611121ab3d4cba2491a5b33647b6ea44172d7da40?s=96&r=g\",\"contentUrl\":\"https:\\\/\\\/secure.gravatar.com\\\/avatar\\\/47fadb694366c1d27501b48611121ab3d4cba2491a5b33647b6ea44172d7da40?s=96&r=g\",\"caption\":\"yenirehberlik\"},\"logo\":{\"@id\":\"https:\\\/\\\/secure.gravatar.com\\\/avatar\\\/47fadb694366c1d27501b48611121ab3d4cba2491a5b33647b6ea44172d7da40?s=96&r=g\"}}]}<\/script>\n<!-- \/ Yoast SEO plugin. -->","yoast_head_json":{"title":"Lisans Programlar\u0131 Ba\u015far\u0131 S\u0131ralamalar\u0131 ve Taban Puanlar\u0131 -","robots":{"index":"index","follow":"follow","max-snippet":"max-snippet:-1","max-image-preview":"max-image-preview:large","max-video-preview":"max-video-preview:-1"},"canonical":"https:\/\/yenirehberlik.com\/arsiv\/lisans-programlari-basari-siralamalari-ve-taban-puanlari","og_locale":"tr_TR","og_type":"article","og_title":"Lisans Programlar\u0131 Ba\u015far\u0131 S\u0131ralamalar\u0131 ve Taban Puanlar\u0131 -","og_description":"T\u00fcm d\u00f6rt ve daha\u00a0fazla\u00a0y\u0131ll\u0131k olan b\u00f6l\u00fcmlerin taban puanlar\u0131n\u0131 sizlerle payla\u015f\u0131yoruz. A\u015fa\u011f\u0131daki b\u00f6l\u00fcmlerin \u00fczerine t\u0131klad\u0131\u011f\u0131n\u0131zda o b\u00f6l\u00fcm\u00fcn taban puanlar\u0131 ve ba\u015far\u0131 s\u0131ralamalar\u0131 kar\u015f\u0131n\u0131za \u00e7\u0131kacakt\u0131r. \u00c7\u0131kan safyada programlar\u0131n hangi \u00fcniversitede ka\u00e7 puanla \u00f6\u011frenci ald\u0131\u011f\u0131n\u0131 g\u00f6rebileceksiniz. &nbsp;","og_url":"https:\/\/yenirehberlik.com\/arsiv\/lisans-programlari-basari-siralamalari-ve-taban-puanlari","article_modified_time":"2017-01-01T20:28:20+00:00","twitter_card":"summary_large_image","schema":{"@context":"https:\/\/schema.org","@graph":[{"@type":"WebPage","@id":"https:\/\/yenirehberlik.com\/arsiv\/lisans-programlari-basari-siralamalari-ve-taban-puanlari","url":"https:\/\/yenirehberlik.com\/arsiv\/lisans-programlari-basari-siralamalari-ve-taban-puanlari","name":"Lisans Programlar\u0131 Ba\u015far\u0131 S\u0131ralamalar\u0131 ve Taban Puanlar\u0131 -","isPartOf":{"@id":"https:\/\/yenirehberlik.com\/arsiv\/#website"},"datePublished":"2017-01-01T20:21:05+00:00","dateModified":"2017-01-01T20:28:20+00:00","breadcrumb":{"@id":"https:\/\/yenirehberlik.com\/arsiv\/lisans-programlari-basari-siralamalari-ve-taban-puanlari#breadcrumb"},"inLanguage":"tr","potentialAction":[{"@type":"ReadAction","target":["https:\/\/yenirehberlik.com\/arsiv\/lisans-programlari-basari-siralamalari-ve-taban-puanlari"]}]},{"@type":"BreadcrumbList","@id":"https:\/\/yenirehberlik.com\/arsiv\/lisans-programlari-basari-siralamalari-ve-taban-puanlari#breadcrumb","itemListElement":[{"@type":"ListItem","position":1,"name":"Anasayfa","item":"https:\/\/yenirehberlik.com\/arsiv"},{"@type":"ListItem","position":2,"name":"Lisans Programlar\u0131 Ba\u015far\u0131 S\u0131ralamalar\u0131 ve Taban Puanlar\u0131"}]},{"@type":"WebSite","@id":"https:\/\/yenirehberlik.com\/arsiv\/#website","url":"https:\/\/yenirehberlik.com\/arsiv\/","name":"yenirehberlik","description":"Bir acayip rehberlik sitesi","publisher":{"@id":"https:\/\/yenirehberlik.com\/arsiv\/#\/schema\/person\/8bd9eb0409887ea38d367fb33bf897af"},"potentialAction":[{"@type":"SearchAction","target":{"@type":"EntryPoint","urlTemplate":"https:\/\/yenirehberlik.com\/arsiv\/?s={search_term_string}"},"query-input":{"@type":"PropertyValueSpecification","valueRequired":true,"valueName":"search_term_string"}}],"inLanguage":"tr"},{"@type":["Person","Organization"],"@id":"https:\/\/yenirehberlik.com\/arsiv\/#\/schema\/person\/8bd9eb0409887ea38d367fb33bf897af","name":"yenirehberlik","image":{"@type":"ImageObject","inLanguage":"tr","@id":"https:\/\/secure.gravatar.com\/avatar\/47fadb694366c1d27501b48611121ab3d4cba2491a5b33647b6ea44172d7da40?s=96&r=g","url":"https:\/\/secure.gravatar.com\/avatar\/47fadb694366c1d27501b48611121ab3d4cba2491a5b33647b6ea44172d7da40?s=96&r=g","contentUrl":"https:\/\/secure.gravatar.com\/avatar\/47fadb694366c1d27501b48611121ab3d4cba2491a5b33647b6ea44172d7da40?s=96&r=g","caption":"yenirehberlik"},"logo":{"@id":"https:\/\/secure.gravatar.com\/avatar\/47fadb694366c1d27501b48611121ab3d4cba2491a5b33647b6ea44172d7da40?s=96&r=g"}}]}},"_links":{"self":[{"href":"https:\/\/yenirehberlik.com\/arsiv\/wp-json\/wp\/v2\/pages\/11977","targetHints":{"allow":["GET"]}}],"collection":[{"href":"https:\/\/yenirehberlik.com\/arsiv\/wp-json\/wp\/v2\/pages"}],"about":[{"href":"https:\/\/yenirehberlik.com\/arsiv\/wp-json\/wp\/v2\/types\/page"}],"author":[{"embeddable":true,"href":"https:\/\/yenirehberlik.com\/arsiv\/wp-json\/wp\/v2\/users\/1"}],"replies":[{"embeddable":true,"href":"https:\/\/yenirehberlik.com\/arsiv\/wp-json\/wp\/v2\/comments?post=11977"}],"version-history":[{"count":2,"href":"https:\/\/yenirehberlik.com\/arsiv\/wp-json\/wp\/v2\/pages\/11977\/revisions"}],"predecessor-version":[{"id":11979,"href":"https:\/\/yenirehberlik.com\/arsiv\/wp-json\/wp\/v2\/pages\/11977\/revisions\/11979"}],"wp:attachment":[{"href":"https:\/\/yenirehberlik.com\/arsiv\/wp-json\/wp\/v2\/media?parent=11977"}],"curies":[{"name":"wp","href":"https:\/\/api.w.org\/{rel}","templated":true}]}}