{"id":7950,"date":"2014-08-05T23:38:00","date_gmt":"2014-08-05T20:38:00","guid":{"rendered":"https:\/\/yenirehberlik.com\/?page_id=7950"},"modified":"2025-11-29T20:44:03","modified_gmt":"2025-11-29T17:44:03","slug":"il-il-lise-taban-puanlari","status":"publish","type":"page","link":"https:\/\/yenirehberlik.com\/arsiv\/il-il-lise-taban-puanlari","title":{"rendered":"\u0130l \u0130l Lise Taban Puanlar\u0131"},"content":{"rendered":"<p>2014 Lise TEOG tercihlerini yapacak adaylar\u0131n a\u015fa\u011f\u0131daki illere g\u00f6re listelenmi\u015f olan puanlara bakmalar\u0131 do\u011fru tercih yapmalar\u0131n\u0131 sa\u011flayacakt\u0131r. Buradaki taban puanlar MEB taraf\u0131ndan belirlenen YEP puanlar\u0131d\u0131r.<\/p>\n<div>\n<table border=\"0\" width=\"522\" cellspacing=\"0\" cellpadding=\"0\">\n<colgroup>\n<col width=\"133\" \/>\n<col width=\"126\" \/>\n<col width=\"138\" \/>\n<col width=\"125\" \/><\/colgroup>\n<tbody>\n<tr>\n<td width=\"133\" height=\"14\"><a href=\"https:\/\/yenirehberlik.com\/arsiv\/adanadaki-tum-liselerin-en-dusuk-puanlari.html\" target=\"_blank\">ADANA<\/a><\/td>\n<td width=\"126\"><a href=\"https:\/\/yenirehberlik.com\/arsiv\/canakkaledeki-butun-liselerin-taban-puanlari.html\" target=\"_blank\">\u00c7ANAKKALE<\/a><\/td>\n<td width=\"138\"><a href=\"https:\/\/yenirehberlik.com\/arsiv\/k-maras-ili-yep-taban-puanlari.html\" target=\"_blank\">KAHRAMANMARA\u015e<\/a><\/td>\n<td width=\"125\"><a href=\"https:\/\/yenirehberlik.com\/arsiv\/nigde-ili-yep-taban-puanlari.html\" target=\"_blank\">N\u0130\u011eDE<\/a><\/td>\n<\/tr>\n<tr>\n<td width=\"133\" height=\"14\"><a href=\"https:\/\/yenirehberlik.com\/arsiv\/adiyamandaki-tum-liselerin-en-dusuk-puanlari.html\" target=\"_blank\">ADIYAMAN<\/a><\/td>\n<td width=\"126\"><a href=\"https:\/\/yenirehberlik.com\/arsiv\/cankiridaki-tum-liselerin-taban-puanlari-2.html\">\u00c7ANKIRI<\/a><\/td>\n<td width=\"138\"><a href=\"https:\/\/yenirehberlik.com\/arsiv\/karabuk-ili-yep-taban-puanlari.html\" target=\"_blank\">KARAB\u00dcK<\/a><\/td>\n<td width=\"125\"><a href=\"https:\/\/yenirehberlik.com\/arsiv\/ordu-ili-yep-taban-puanlari.html\" target=\"_blank\">ORDU<\/a><\/td>\n<\/tr>\n<tr>\n<td width=\"133\" height=\"14\"><a href=\"https:\/\/yenirehberlik.com\/arsiv\/afyondaki-tum-liselerin-en-dusuk-puanlari.html\" target=\"_blank\">AFYONKARAH\u0130SAR<\/a><\/td>\n<td width=\"126\"><a href=\"https:\/\/yenirehberlik.com\/arsiv\/corum-ili-yep-taban-puanlari.html\">\u00c7ORUM<\/a><\/td>\n<td width=\"138\"><a href=\"https:\/\/yenirehberlik.com\/arsiv\/karaman-ili-yep-taban-puanlari.html\" target=\"_blank\">KARAMAN<\/a><\/td>\n<td width=\"125\"><a href=\"https:\/\/yenirehberlik.com\/arsiv\/osmaniye-ili-yep-taban-puanlari.html\" target=\"_blank\">OSMAN\u0130YE<\/a><\/td>\n<\/tr>\n<tr>\n<td width=\"133\" height=\"14\"><a href=\"https:\/\/yenirehberlik.com\/arsiv\/agridaki-tum-liselerin-en-dusuk-puanlari.html\" target=\"_blank\">A\u011eRI<\/a><\/td>\n<td width=\"126\"><a href=\"https:\/\/yenirehberlik.com\/arsiv\/denizlideki-tum-liselerin-taban-puanlari.html\">DEN\u0130ZL\u0130<\/a><\/td>\n<td width=\"138\"><a href=\"https:\/\/yenirehberlik.com\/arsiv\/kars-ili-yep-taban-puanlari.html\" target=\"_blank\">KARS<\/a><\/td>\n<td width=\"125\"><a href=\"https:\/\/yenirehberlik.com\/arsiv\/rize-ili-yep-taban-puanlari.html\" target=\"_blank\">R\u0130ZE<\/a><\/td>\n<\/tr>\n<tr>\n<td width=\"133\" height=\"14\"><a href=\"https:\/\/yenirehberlik.com\/arsiv\/aksaraydaki-tum-liselerin-en-dusuk-puanlari.html\" target=\"_blank\">AKSARAY<\/a><\/td>\n<td width=\"126\"><a href=\"https:\/\/yenirehberlik.com\/arsiv\/diyarbakirdaki-tum-liselerin-taban-puanlari.html\" target=\"_blank\">D\u0130YARBAKIR<\/a><\/td>\n<td width=\"138\"><a href=\"https:\/\/yenirehberlik.com\/arsiv\/kastamonu-ili-yep-taban-puanlari.html\" target=\"_blank\">KASTAMONU<\/a><\/td>\n<td width=\"125\"><a href=\"https:\/\/yenirehberlik.com\/arsiv\/sakarya-ili-yep-taban-puanlari.html\" target=\"_blank\">SAKARYA<\/a><\/td>\n<\/tr>\n<tr>\n<td width=\"133\" height=\"14\"><a href=\"https:\/\/yenirehberlik.com\/arsiv\/amasyadaki-tum-liselerin-en-dusuk-puanlari.html\" target=\"_blank\">AMASYA<\/a><\/td>\n<td width=\"126\"><a href=\"https:\/\/yenirehberlik.com\/arsiv\/amasyadaki-tum-liselerin-en-dusuk-puanlari.html\" target=\"_blank\">D\u00dcZCE<\/a><\/td>\n<td width=\"138\"><a href=\"https:\/\/yenirehberlik.com\/arsiv\/kayseri-ili-yep-taban-puanlari.html\" target=\"_blank\">KAYSER\u0130<\/a><\/td>\n<td width=\"125\"><a href=\"https:\/\/yenirehberlik.com\/arsiv\/samsun-ili-yep-taban-puanlari.html\" target=\"_blank\">SAMSUN<\/a><\/td>\n<\/tr>\n<tr>\n<td width=\"133\" height=\"14\"><a href=\"https:\/\/yenirehberlik.com\/arsiv\/ankaradaki-tum-liselerin-en-dusuk-puanlari.html\" target=\"_blank\">ANKARA<\/a><\/td>\n<td width=\"126\"><a href=\"https:\/\/yenirehberlik.com\/arsiv\/edirnedeki-tum-liselerin-taban-puanlari.html\" target=\"_blank\">ED\u0130RNE<\/a><\/td>\n<td width=\"138\"><a href=\"https:\/\/yenirehberlik.com\/arsiv\/kirikkale-ili-yep-taban-puanlari.html\" target=\"_blank\">KIRIKKALE<\/a><\/td>\n<td width=\"125\"><a href=\"https:\/\/yenirehberlik.com\/arsiv\/siirt-ili-yep-taban-puanlari.html\" target=\"_blank\">S\u0130\u0130RT<\/a><\/td>\n<\/tr>\n<tr>\n<td width=\"133\" height=\"14\"><a href=\"https:\/\/yenirehberlik.com\/arsiv\/antalyadaki-tum-liselerin-en-dusuk-puanlari.html\" target=\"_blank\">ANTALYA<\/a><\/td>\n<td width=\"126\"><a href=\"https:\/\/yenirehberlik.com\/arsiv\/elazigdaki-tum-liselerin-taban-puanlari.html\" target=\"_blank\">ELAZI\u011e<\/a><\/td>\n<td width=\"138\"><a href=\"https:\/\/yenirehberlik.com\/arsiv\/kirikkale-ili-yep-taban-puanlari.html\" target=\"_blank\">KIRKLAREL\u0130<\/a><\/td>\n<td width=\"125\"><a href=\"https:\/\/yenirehberlik.com\/arsiv\/sinop-ili-yep-taban-puanlari.html\" target=\"_blank\">S\u0130NOP<\/a><\/td>\n<\/tr>\n<tr>\n<td width=\"133\" height=\"14\"><a href=\"https:\/\/yenirehberlik.com\/arsiv\/ardahandaki-tum-liselerin-en-dusuk-puanlari.html\" target=\"_blank\">ARDAHAN<\/a><\/td>\n<td width=\"126\"><a href=\"https:\/\/yenirehberlik.com\/arsiv\/erzincandaki-tum-liselerin-taban-puanlari.html\" target=\"_blank\">ERZ\u0130NCAN<\/a><\/td>\n<td width=\"138\"><a href=\"https:\/\/yenirehberlik.com\/arsiv\/kirsehir-ili-yep-taban-puanlari.html\" target=\"_blank\">KIR\u015eEH\u0130R<\/a><\/td>\n<td width=\"125\"><a href=\"https:\/\/yenirehberlik.com\/arsiv\/sivas-ili-yep-taban-puanlari.html\" target=\"_blank\">S\u0130VAS<\/a><\/td>\n<\/tr>\n<tr>\n<td width=\"133\" height=\"14\"><a href=\"https:\/\/yenirehberlik.com\/arsiv\/artvindeki-tum-liselerin-en-dusuk-puanlari.html\" target=\"_blank\">ARTV\u0130N<\/a><\/td>\n<td width=\"126\"><a href=\"https:\/\/yenirehberlik.com\/arsiv\/yuzdelik-dilimli-erzurum-liseleri-taban-puanlari.html\" target=\"_blank\">ERZURUM<\/a><\/td>\n<td width=\"138\"><a href=\"https:\/\/yenirehberlik.com\/arsiv\/kilis-ili-yep-taban-puanlari.html\" target=\"_blank\">K\u0130L\u0130S<\/a><\/td>\n<td width=\"125\"><a href=\"https:\/\/yenirehberlik.com\/arsiv\/sanliurfa-ili-yep-taban-puanlari.html\" target=\"_blank\">\u015eANLIURFA<\/a><\/td>\n<\/tr>\n<tr>\n<td width=\"133\" height=\"14\"><a href=\"https:\/\/yenirehberlik.com\/arsiv\/aydindaki-tum-liselerin-en-dusuk-puanlari.html\" target=\"_blank\">AYDIN<\/a><\/td>\n<td width=\"126\"><a href=\"https:\/\/yenirehberlik.com\/arsiv\/yuzdelik-dilimli-eskisehir-liseleri-taban-puanlari.html\" target=\"_blank\">ESK\u0130\u015eEH\u0130R<\/a><\/td>\n<td width=\"138\"><a href=\"https:\/\/yenirehberlik.com\/arsiv\/kocaeli-ili-yep-taban-puanlari.html\" target=\"_blank\">KOCAEL\u0130<\/a><\/td>\n<td width=\"125\"><a href=\"https:\/\/yenirehberlik.com\/arsiv\/tekirdag-ili-yep-taban-puanlari.html\" target=\"_blank\">\u015eIRNAK<\/a><\/td>\n<\/tr>\n<tr>\n<td width=\"133\" height=\"14\"><a href=\"https:\/\/yenirehberlik.com\/arsiv\/balikkesirdeki-tum-liselerin-en-dusuk-puanlari.html\" target=\"_blank\">BALIKES\u0130R<\/a><\/td>\n<td width=\"126\"><a href=\"https:\/\/yenirehberlik.com\/arsiv\/yuzdelik-dilimli-gaziantep-liseleri-taban-puanlari.html\" target=\"_blank\">GAZ\u0130ANTEP<\/a><\/td>\n<td width=\"138\"><a href=\"https:\/\/yenirehberlik.com\/arsiv\/konya-ili-yep-taban-puanlari.html\" target=\"_blank\">KONYA<\/a><\/td>\n<td width=\"125\"><a href=\"https:\/\/yenirehberlik.com\/arsiv\/tekirdag-ili-yep-taban-puanlari.html\" target=\"_blank\">TEK\u0130RDA\u011e<\/a><\/td>\n<\/tr>\n<tr>\n<td width=\"133\" height=\"14\"><a href=\"https:\/\/yenirehberlik.com\/arsiv\/bartindeki-tum-liselerin-en-dusuk-puanlari.html\" target=\"_blank\">BARTIN<\/a><\/td>\n<td width=\"126\"><a href=\"https:\/\/yenirehberlik.com\/arsiv\/yuzdelik-dilimli-giresun-liseleri-taban-puanlari.html\" target=\"_blank\">G\u0130RESUN<\/a><\/td>\n<td width=\"138\"><a href=\"https:\/\/yenirehberlik.com\/arsiv\/kutahya-ili-yep-taban-puanlari.html\" target=\"_blank\">K\u00dcTAHYA<\/a><\/td>\n<td width=\"125\"><a href=\"https:\/\/yenirehberlik.com\/arsiv\/tokat-ili-yep-taban-puanlari.html\" target=\"_blank\">TOKAT<\/a><\/td>\n<\/tr>\n<tr>\n<td width=\"133\" height=\"14\"><a href=\"https:\/\/yenirehberlik.com\/arsiv\/batmandaki-tum-liselerin-en-dusuk-puanlari.html\" target=\"_blank\">BATMAN<\/a><\/td>\n<td width=\"126\"><a href=\"https:\/\/yenirehberlik.com\/arsiv\/yuzdelik-dilimli-gumushane-liseleri-taban-puanlari.html\" target=\"_blank\">G\u00dcM\u00dc\u015eHANE<\/a><\/td>\n<td width=\"138\"><a href=\"https:\/\/yenirehberlik.com\/arsiv\/malatya-ili-yep-taban-puanlari.html\" target=\"_blank\">MALATYA<\/a><\/td>\n<td width=\"125\"><a href=\"https:\/\/yenirehberlik.com\/arsiv\/trabzon-ili-yep-taban-puanlari.html\" target=\"_blank\">TRABZON<\/a><\/td>\n<\/tr>\n<tr>\n<td width=\"133\" height=\"14\"><a href=\"https:\/\/yenirehberlik.com\/arsiv\/bayburtteki-tum-liselerin-en-dusuk-puanlari.html\" target=\"_blank\">BAYBURT<\/a><\/td>\n<td width=\"126\"><a href=\"https:\/\/yenirehberlik.com\/arsiv\/hakkari-liselerinin-yuzdelik-dilimli-taban-puanlari.html\" target=\"_blank\">HAKKAR\u0130<\/a><\/td>\n<td width=\"138\"><a href=\"https:\/\/yenirehberlik.com\/arsiv\/manisa-ili-yep-taban-puanlari.html\">MAN\u0130SA<\/a><\/td>\n<td width=\"125\"><a href=\"https:\/\/yenirehberlik.com\/arsiv\/tunceli-ili-yep-taban-puanlari.html\" target=\"_blank\">TUNCEL\u0130<\/a><\/td>\n<\/tr>\n<tr>\n<td width=\"133\" height=\"14\"><a href=\"https:\/\/yenirehberlik.com\/arsiv\/bilecikteki-tum-liselerin-en-dusuk-puanlari.html\" target=\"_blank\">B\u0130LEC\u0130K<\/a><\/td>\n<td width=\"126\"><a href=\"https:\/\/yenirehberlik.com\/arsiv\/hatay-liselerinin-yuzdelik-dilimli-taban-puanlari.html\" target=\"_blank\">HATAY<\/a><\/td>\n<td width=\"138\"><a href=\"https:\/\/yenirehberlik.com\/arsiv\/mardin-ili-yep-taban-puanlari.html\">MARD\u0130N<\/a><\/td>\n<td width=\"125\"><a href=\"https:\/\/yenirehberlik.com\/arsiv\/usak-ili-yep-taban-puanlari.html\" target=\"_blank\">U\u015eAK<\/a><\/td>\n<\/tr>\n<tr>\n<td width=\"133\" height=\"14\"><a href=\"https:\/\/yenirehberlik.com\/arsiv\/bingoldeki-tum-liselerin-en-dusuk-puanlari.html\" target=\"_blank\">B\u0130NG\u00d6L<\/a><\/td>\n<td width=\"126\"><a href=\"https:\/\/yenirehberlik.com\/arsiv\/igdir-liselerinin-yuzdelik-dilimli-taban-puanlari.html\" target=\"_blank\">I\u011eDIR<\/a><\/td>\n<td width=\"138\"><a href=\"https:\/\/yenirehberlik.com\/arsiv\/mersin-ili-yep-taban-puanlari.html\">MERS\u0130N<\/a><\/td>\n<td width=\"125\"><a href=\"https:\/\/yenirehberlik.com\/arsiv\/van-ili-yep-taban-puanlari.html\" target=\"_blank\">VAN<\/a><\/td>\n<\/tr>\n<tr>\n<td width=\"133\" height=\"14\"><a href=\"https:\/\/yenirehberlik.com\/arsiv\/bitlisteki-tum-liselerin-en-dusuk-puanlari.html\" target=\"_blank\">B\u0130TL\u0130S<\/a><\/td>\n<td width=\"126\"><a href=\"https:\/\/yenirehberlik.com\/arsiv\/isparta-liselerinin-yuzdelik-dilimli-taban-puanlari.html\" target=\"_blank\">ISPARTA<\/a><\/td>\n<td width=\"138\"><a href=\"https:\/\/yenirehberlik.com\/arsiv\/mugla-ili-yep-taban-puanlari.html\">MU\u011eLA<\/a><\/td>\n<td width=\"125\"><a href=\"https:\/\/yenirehberlik.com\/arsiv\/yalova-ili-yep-taban-puanlari.html\" target=\"_blank\">YALOVA<\/a><\/td>\n<\/tr>\n<tr>\n<td width=\"133\" height=\"14\"><a href=\"https:\/\/yenirehberlik.com\/arsiv\/boludaki-tum-liselerin-en-dusuk-puanlari.html\" target=\"_blank\">BOLU<\/a><\/td>\n<td width=\"126\"><a href=\"https:\/\/yenirehberlik.com\/arsiv\/istanbul-ili-yep-taban-puanlari.html\" target=\"_blank\">\u0130STANBUL<\/a><\/td>\n<td width=\"138\"><a href=\"https:\/\/yenirehberlik.com\/arsiv\/mus-ili-yep-taban-puanlari.html\">MU\u015e<\/a><\/td>\n<td width=\"125\"><a href=\"https:\/\/yenirehberlik.com\/arsiv\/yozgat-ili-yep-taban-puanlari.html\">YOZGAT<\/a><\/td>\n<\/tr>\n<tr>\n<td width=\"133\" height=\"14\"><a href=\"https:\/\/yenirehberlik.com\/arsiv\/burdurdaki-tum-liselerin-en-dusuk-puanlari.html\" target=\"_blank\">BURDUR<\/a><\/td>\n<td width=\"126\"><a href=\"https:\/\/yenirehberlik.com\/arsiv\/izmir-ili-yep-taban-puanlari.html\" target=\"_blank\">\u0130ZM\u0130R<\/a><\/td>\n<td width=\"138\"><a href=\"https:\/\/yenirehberlik.com\/arsiv\/nevsehir-ili-yep-taban-puanlari.html\">NEV\u015eEH\u0130R<\/a><\/td>\n<td width=\"125\"><a href=\"https:\/\/yenirehberlik.com\/arsiv\/zonguldak-ili-yep-taban-puanlari.html\">ZONGULDAK<\/a><\/td>\n<\/tr>\n<tr>\n<td width=\"133\" height=\"14\"><a href=\"https:\/\/yenirehberlik.com\/arsiv\/bursadaki-tum-liselerin-en-dusuk-puanlari.html\" target=\"_blank\">BURSA<\/a><\/td>\n<td><\/td>\n<td><\/td>\n<td><\/td>\n<\/tr>\n<tr>\n<td height=\"14\"><\/td>\n<td><\/td>\n<td><\/td>\n<\/tr>\n<\/tbody>\n<\/table>\n<\/div>\n","protected":false},"excerpt":{"rendered":"<p>2014 Lise TEOG tercihlerini yapacak adaylar\u0131n a\u015fa\u011f\u0131daki illere g\u00f6re listelenmi\u015f olan puanlara bakmalar\u0131 do\u011fru tercih yapmalar\u0131n\u0131 sa\u011flayacakt\u0131r. Buradaki taban puanlar MEB taraf\u0131ndan belirlenen YEP puanlar\u0131d\u0131r. ADANA \u00c7ANAKKALE KAHRAMANMARA\u015e N\u0130\u011eDE ADIYAMAN \u00c7ANKIRI KARAB\u00dcK ORDU AFYONKARAH\u0130SAR \u00c7ORUM KARAMAN OSMAN\u0130YE A\u011eRI DEN\u0130ZL\u0130 KARS R\u0130ZE AKSARAY D\u0130YARBAKIR KASTAMONU SAKARYA AMASYA D\u00dcZCE KAYSER\u0130 SAMSUN ANKARA ED\u0130RNE KIRIKKALE S\u0130\u0130RT ANTALYA ELAZI\u011e [&hellip;]<\/p>\n","protected":false},"author":1,"featured_media":0,"parent":0,"menu_order":0,"comment_status":"open","ping_status":"open","template":"","meta":{"footnotes":""},"class_list":["post-7950","page","type-page","status-publish","hentry"],"yoast_head":"<!-- This site is optimized with the Yoast SEO plugin v27.4 - https:\/\/yoast.com\/product\/yoast-seo-wordpress\/ -->\n<title>\u0130l \u0130l Lise Taban Puanlar\u0131 -<\/title>\n<meta name=\"robots\" content=\"index, follow, max-snippet:-1, max-image-preview:large, max-video-preview:-1\" \/>\n<link rel=\"canonical\" href=\"https:\/\/yenirehberlik.com\/arsiv\/il-il-lise-taban-puanlari\" \/>\n<meta property=\"og:locale\" content=\"tr_TR\" \/>\n<meta property=\"og:type\" content=\"article\" \/>\n<meta property=\"og:title\" content=\"\u0130l \u0130l Lise Taban Puanlar\u0131 -\" \/>\n<meta property=\"og:description\" content=\"2014 Lise TEOG tercihlerini yapacak adaylar\u0131n a\u015fa\u011f\u0131daki illere g\u00f6re listelenmi\u015f olan puanlara bakmalar\u0131 do\u011fru tercih yapmalar\u0131n\u0131 sa\u011flayacakt\u0131r. Buradaki taban puanlar MEB taraf\u0131ndan belirlenen YEP puanlar\u0131d\u0131r. ADANA \u00c7ANAKKALE KAHRAMANMARA\u015e N\u0130\u011eDE ADIYAMAN \u00c7ANKIRI KARAB\u00dcK ORDU AFYONKARAH\u0130SAR \u00c7ORUM KARAMAN OSMAN\u0130YE A\u011eRI DEN\u0130ZL\u0130 KARS R\u0130ZE AKSARAY D\u0130YARBAKIR KASTAMONU SAKARYA AMASYA D\u00dcZCE KAYSER\u0130 SAMSUN ANKARA ED\u0130RNE KIRIKKALE S\u0130\u0130RT ANTALYA ELAZI\u011e [&hellip;]\" \/>\n<meta property=\"og:url\" content=\"https:\/\/yenirehberlik.com\/arsiv\/il-il-lise-taban-puanlari\" \/>\n<meta property=\"article:modified_time\" content=\"2025-11-29T17:44:03+00:00\" \/>\n<meta name=\"twitter:card\" content=\"summary_large_image\" \/>\n<meta name=\"twitter:label1\" content=\"Tahmini okuma s\u00fcresi\" \/>\n\t<meta name=\"twitter:data1\" content=\"1 dakika\" \/>\n<script type=\"application\/ld+json\" class=\"yoast-schema-graph\">{\"@context\":\"https:\\\/\\\/schema.org\",\"@graph\":[{\"@type\":\"WebPage\",\"@id\":\"https:\\\/\\\/yenirehberlik.com\\\/arsiv\\\/il-il-lise-taban-puanlari\",\"url\":\"https:\\\/\\\/yenirehberlik.com\\\/arsiv\\\/il-il-lise-taban-puanlari\",\"name\":\"\u0130l \u0130l Lise Taban Puanlar\u0131 -\",\"isPartOf\":{\"@id\":\"https:\\\/\\\/yenirehberlik.com\\\/arsiv\\\/#website\"},\"datePublished\":\"2014-08-05T20:38:00+00:00\",\"dateModified\":\"2025-11-29T17:44:03+00:00\",\"breadcrumb\":{\"@id\":\"https:\\\/\\\/yenirehberlik.com\\\/arsiv\\\/il-il-lise-taban-puanlari#breadcrumb\"},\"inLanguage\":\"tr\",\"potentialAction\":[{\"@type\":\"ReadAction\",\"target\":[\"https:\\\/\\\/yenirehberlik.com\\\/arsiv\\\/il-il-lise-taban-puanlari\"]}]},{\"@type\":\"BreadcrumbList\",\"@id\":\"https:\\\/\\\/yenirehberlik.com\\\/arsiv\\\/il-il-lise-taban-puanlari#breadcrumb\",\"itemListElement\":[{\"@type\":\"ListItem\",\"position\":1,\"name\":\"Anasayfa\",\"item\":\"https:\\\/\\\/yenirehberlik.com\\\/arsiv\"},{\"@type\":\"ListItem\",\"position\":2,\"name\":\"\u0130l \u0130l Lise Taban Puanlar\u0131\"}]},{\"@type\":\"WebSite\",\"@id\":\"https:\\\/\\\/yenirehberlik.com\\\/arsiv\\\/#website\",\"url\":\"https:\\\/\\\/yenirehberlik.com\\\/arsiv\\\/\",\"name\":\"yenirehberlik\",\"description\":\"Bir acayip rehberlik sitesi\",\"publisher\":{\"@id\":\"https:\\\/\\\/yenirehberlik.com\\\/arsiv\\\/#\\\/schema\\\/person\\\/8bd9eb0409887ea38d367fb33bf897af\"},\"potentialAction\":[{\"@type\":\"SearchAction\",\"target\":{\"@type\":\"EntryPoint\",\"urlTemplate\":\"https:\\\/\\\/yenirehberlik.com\\\/arsiv\\\/?s={search_term_string}\"},\"query-input\":{\"@type\":\"PropertyValueSpecification\",\"valueRequired\":true,\"valueName\":\"search_term_string\"}}],\"inLanguage\":\"tr\"},{\"@type\":[\"Person\",\"Organization\"],\"@id\":\"https:\\\/\\\/yenirehberlik.com\\\/arsiv\\\/#\\\/schema\\\/person\\\/8bd9eb0409887ea38d367fb33bf897af\",\"name\":\"yenirehberlik\",\"image\":{\"@type\":\"ImageObject\",\"inLanguage\":\"tr\",\"@id\":\"https:\\\/\\\/secure.gravatar.com\\\/avatar\\\/47fadb694366c1d27501b48611121ab3d4cba2491a5b33647b6ea44172d7da40?s=96&r=g\",\"url\":\"https:\\\/\\\/secure.gravatar.com\\\/avatar\\\/47fadb694366c1d27501b48611121ab3d4cba2491a5b33647b6ea44172d7da40?s=96&r=g\",\"contentUrl\":\"https:\\\/\\\/secure.gravatar.com\\\/avatar\\\/47fadb694366c1d27501b48611121ab3d4cba2491a5b33647b6ea44172d7da40?s=96&r=g\",\"caption\":\"yenirehberlik\"},\"logo\":{\"@id\":\"https:\\\/\\\/secure.gravatar.com\\\/avatar\\\/47fadb694366c1d27501b48611121ab3d4cba2491a5b33647b6ea44172d7da40?s=96&r=g\"}}]}<\/script>\n<!-- \/ Yoast SEO plugin. -->","yoast_head_json":{"title":"\u0130l \u0130l Lise Taban Puanlar\u0131 -","robots":{"index":"index","follow":"follow","max-snippet":"max-snippet:-1","max-image-preview":"max-image-preview:large","max-video-preview":"max-video-preview:-1"},"canonical":"https:\/\/yenirehberlik.com\/arsiv\/il-il-lise-taban-puanlari","og_locale":"tr_TR","og_type":"article","og_title":"\u0130l \u0130l Lise Taban Puanlar\u0131 -","og_description":"2014 Lise TEOG tercihlerini yapacak adaylar\u0131n a\u015fa\u011f\u0131daki illere g\u00f6re listelenmi\u015f olan puanlara bakmalar\u0131 do\u011fru tercih yapmalar\u0131n\u0131 sa\u011flayacakt\u0131r. Buradaki taban puanlar MEB taraf\u0131ndan belirlenen YEP puanlar\u0131d\u0131r. ADANA \u00c7ANAKKALE KAHRAMANMARA\u015e N\u0130\u011eDE ADIYAMAN \u00c7ANKIRI KARAB\u00dcK ORDU AFYONKARAH\u0130SAR \u00c7ORUM KARAMAN OSMAN\u0130YE A\u011eRI DEN\u0130ZL\u0130 KARS R\u0130ZE AKSARAY D\u0130YARBAKIR KASTAMONU SAKARYA AMASYA D\u00dcZCE KAYSER\u0130 SAMSUN ANKARA ED\u0130RNE KIRIKKALE S\u0130\u0130RT ANTALYA ELAZI\u011e [&hellip;]","og_url":"https:\/\/yenirehberlik.com\/arsiv\/il-il-lise-taban-puanlari","article_modified_time":"2025-11-29T17:44:03+00:00","twitter_card":"summary_large_image","twitter_misc":{"Tahmini okuma s\u00fcresi":"1 dakika"},"schema":{"@context":"https:\/\/schema.org","@graph":[{"@type":"WebPage","@id":"https:\/\/yenirehberlik.com\/arsiv\/il-il-lise-taban-puanlari","url":"https:\/\/yenirehberlik.com\/arsiv\/il-il-lise-taban-puanlari","name":"\u0130l \u0130l Lise Taban Puanlar\u0131 -","isPartOf":{"@id":"https:\/\/yenirehberlik.com\/arsiv\/#website"},"datePublished":"2014-08-05T20:38:00+00:00","dateModified":"2025-11-29T17:44:03+00:00","breadcrumb":{"@id":"https:\/\/yenirehberlik.com\/arsiv\/il-il-lise-taban-puanlari#breadcrumb"},"inLanguage":"tr","potentialAction":[{"@type":"ReadAction","target":["https:\/\/yenirehberlik.com\/arsiv\/il-il-lise-taban-puanlari"]}]},{"@type":"BreadcrumbList","@id":"https:\/\/yenirehberlik.com\/arsiv\/il-il-lise-taban-puanlari#breadcrumb","itemListElement":[{"@type":"ListItem","position":1,"name":"Anasayfa","item":"https:\/\/yenirehberlik.com\/arsiv"},{"@type":"ListItem","position":2,"name":"\u0130l \u0130l Lise Taban Puanlar\u0131"}]},{"@type":"WebSite","@id":"https:\/\/yenirehberlik.com\/arsiv\/#website","url":"https:\/\/yenirehberlik.com\/arsiv\/","name":"yenirehberlik","description":"Bir acayip rehberlik sitesi","publisher":{"@id":"https:\/\/yenirehberlik.com\/arsiv\/#\/schema\/person\/8bd9eb0409887ea38d367fb33bf897af"},"potentialAction":[{"@type":"SearchAction","target":{"@type":"EntryPoint","urlTemplate":"https:\/\/yenirehberlik.com\/arsiv\/?s={search_term_string}"},"query-input":{"@type":"PropertyValueSpecification","valueRequired":true,"valueName":"search_term_string"}}],"inLanguage":"tr"},{"@type":["Person","Organization"],"@id":"https:\/\/yenirehberlik.com\/arsiv\/#\/schema\/person\/8bd9eb0409887ea38d367fb33bf897af","name":"yenirehberlik","image":{"@type":"ImageObject","inLanguage":"tr","@id":"https:\/\/secure.gravatar.com\/avatar\/47fadb694366c1d27501b48611121ab3d4cba2491a5b33647b6ea44172d7da40?s=96&r=g","url":"https:\/\/secure.gravatar.com\/avatar\/47fadb694366c1d27501b48611121ab3d4cba2491a5b33647b6ea44172d7da40?s=96&r=g","contentUrl":"https:\/\/secure.gravatar.com\/avatar\/47fadb694366c1d27501b48611121ab3d4cba2491a5b33647b6ea44172d7da40?s=96&r=g","caption":"yenirehberlik"},"logo":{"@id":"https:\/\/secure.gravatar.com\/avatar\/47fadb694366c1d27501b48611121ab3d4cba2491a5b33647b6ea44172d7da40?s=96&r=g"}}]}},"_links":{"self":[{"href":"https:\/\/yenirehberlik.com\/arsiv\/wp-json\/wp\/v2\/pages\/7950","targetHints":{"allow":["GET"]}}],"collection":[{"href":"https:\/\/yenirehberlik.com\/arsiv\/wp-json\/wp\/v2\/pages"}],"about":[{"href":"https:\/\/yenirehberlik.com\/arsiv\/wp-json\/wp\/v2\/types\/page"}],"author":[{"embeddable":true,"href":"https:\/\/yenirehberlik.com\/arsiv\/wp-json\/wp\/v2\/users\/1"}],"replies":[{"embeddable":true,"href":"https:\/\/yenirehberlik.com\/arsiv\/wp-json\/wp\/v2\/comments?post=7950"}],"version-history":[{"count":1,"href":"https:\/\/yenirehberlik.com\/arsiv\/wp-json\/wp\/v2\/pages\/7950\/revisions"}],"predecessor-version":[{"id":12649,"href":"https:\/\/yenirehberlik.com\/arsiv\/wp-json\/wp\/v2\/pages\/7950\/revisions\/12649"}],"wp:attachment":[{"href":"https:\/\/yenirehberlik.com\/arsiv\/wp-json\/wp\/v2\/media?parent=7950"}],"curies":[{"name":"wp","href":"https:\/\/api.w.org\/{rel}","templated":true}]}}